{"id":1742,"date":"2019-04-16T12:34:58","date_gmt":"2019-04-16T12:34:58","guid":{"rendered":"http:\/\/www.hvlrijbodems.nl\/kantploeg\/"},"modified":"2022-03-01T11:46:16","modified_gmt":"2022-03-01T10:46:16","slug":"hufschlagplaner","status":"publish","type":"page","link":"https:\/\/www.hvlrijbodems.nl\/de\/hufschlagplaner\/","title":{"rendered":"Hufschlagplaner"},"content":{"rendered":"[mk_page_section bg_image=&#8220;http:\/\/www.hvlrijbodems.nl\/wp-content\/uploads\/2017\/11\/kantploeg-foto.jpg&#8220; bg_color=&#8220;#f9f9f9&#8243; bg_position=&#8220;center bottom&#8220; bg_repeat=&#8220;no-repeat&#8220; bg_stretch=&#8220;true&#8220; enable_3d=&#8220;true&#8220; speed_factor=&#8220;0.6&#8243; bg_gradient=&#8220;left_bottom&#8220; gr_end=&#8220;#000000&#8243; min_height=&#8220;300&#8243; full_width=&#8220;true&#8220; padding_top=&#8220;110&#8243; padding_bottom=&#8220;90&#8243; visibility=&#8220;hidden-sm&#8220; sidebar=&#8220;sidebar-1&#8243;][vc_column][\/vc_column][\/mk_page_section][vc_row][vc_column][mk_padding_divider size=&#8220;80&#8243;][mk_fancy_title color=&#8220;#00375e&#8220; size=&#8220;28&#8243; font_weight=&#8220;bold&#8220; txt_transform=&#8220;uppercase&#8220; letter_spacing=&#8220;2&#8243; margin_bottom=&#8220;0&#8243; font_family=&#8220;none&#8220;]HUFSCHLAGPLANER[\/mk_fancy_title][mk_divider style=&#8220;thin_solid&#8220; divider_width=&#8220;custom_width&#8220; custom_width=&#8220;50&#8243; align=&#8220;left&#8220; thin_single_color=&#8220;#d00b19&#8243; thickness=&#8220;5&#8243; margin_top=&#8220;30&#8243; margin_bottom=&#8220;44&#8243;][vc_column_text css=&#8220;.vc_custom_1516978712008{margin-bottom: 0px !important;}&#8220;]Wird der Boden Ihrer Reitanlage intensiv genutzt?<br \/>\nDann werden Sie den Hufschlag h\u00e4ufig deutlich erkennen k\u00f6nnen. Das l\u00e4uft nicht angenehm f\u00fcr die Pferde und sieht auch ungepflegt aus. Es ist nicht immer sofort notwendig einen Bahnplaner zu benutzen, zwischendurch k\u00f6nnen Sie einfach den Hufschlagplaner verwenden.<\/p>\n<p>Der Hufschlafplaner ist ein praktisches Handwerkzeug womit Sie den Hufschlag gl\u00e4tten. Der Hufschlagplaner ist f\u00fcr alle B\u00f6den geeignet und einfach zu verwenden. In weniger als 5 Minuten k\u00f6nnen Sie den Hufschlag gegl\u00e4ttet haben!<\/p>\n<p>Der Hufschlagplaner ist eine gute Erg\u00e4nzung zum Bodenplaner und eigentlich unabk\u00f6mmlich bei jeder Reitanlage, egal ob Sie Dressurreiter, Springreiter oder Freizeitreiter sind. Wenn Sie den<\/p>\n<p>Hufschlagplaner einmal kostenlos ausprobiert haben, wollen Sie ihn nicht mehr missen!![\/vc_column_text][mk_padding_divider size=&#8220;80&#8243;][\/vc_column][\/vc_row][vc_row][vc_column][vc_video link=&#8220;https:\/\/youtu.be\/Rm28EfJN0r0&#8243;][mk_padding_divider size=&#8220;80&#8243;][\/vc_column][\/vc_row]\n","protected":false},"excerpt":{"rendered":"<p>[mk_page_section bg_image=&#8220;http:\/\/www.hvlrijbodems.nl\/wp-content\/uploads\/2017\/11\/kantploeg-foto.jpg&#8220; bg_color=&#8220;#f9f9f9&#8243; bg_position=&#8220;center bottom&#8220; bg_repeat=&#8220;no-repeat&#8220; bg_stretch=&#8220;true&#8220; enable_3d=&#8220;true&#8220; speed_factor=&#8220;0.6&#8243; bg_gradient=&#8220;left_bottom&#8220; gr_end=&#8220;#000000&#8243; min_height=&#8220;300&#8243; full_width=&#8220;true&#8220; padding_top=&#8220;110&#8243; padding_bottom=&#8220;90&#8243; visibility=&#8220;hidden-sm&#8220; sidebar=&#8220;sidebar-1&#8243;][vc_column][\/vc_column][\/mk_page_section][vc_row][vc_column][mk_padding_divider size=&#8220;80&#8243;][mk_fancy_title color=&#8220;#00375e&#8220; size=&#8220;28&#8243; font_weight=&#8220;bold&#8220; txt_transform=&#8220;uppercase&#8220; letter_spacing=&#8220;2&#8243; margin_bottom=&#8220;0&#8243; font_family=&#8220;none&#8220;]HUFSCHLAGPLANER[\/mk_fancy_title][mk_divider style=&#8220;thin_solid&#8220; divider_width=&#8220;custom_width&#8220; custom_width=&#8220;50&#8243; align=&#8220;left&#8220; thin_single_color=&#8220;#d00b19&#8243; thickness=&#8220;5&#8243; margin_top=&#8220;30&#8243; margin_bottom=&#8220;44&#8243;][vc_column_text css=&#8220;.vc_custom_1516978712008{margin-bottom: 0px !important;}&#8220;]Wird der Boden Ihrer Reitanlage intensiv genutzt? Dann werden Sie den Hufschlag h\u00e4ufig deutlich erkennen k\u00f6nnen. Das l\u00e4uft nicht angenehm [&hellip;]<\/p>\n","protected":false},"author":3,"featured_media":0,"parent":0,"menu_order":0,"comment_status":"closed","ping_status":"closed","template":"","meta":{"_exactmetrics_skip_tracking":false,"_exactmetrics_sitenote_active":false,"_exactmetrics_sitenote_note":"","_exactmetrics_sitenote_category":0,"_monsterinsights_skip_tracking":false,"_monsterinsights_sitenote_active":false,"_monsterinsights_sitenote_note":"","_monsterinsights_sitenote_category":0},"_links":{"self":[{"href":"https:\/\/www.hvlrijbodems.nl\/de\/wp-json\/wp\/v2\/pages\/1742"}],"collection":[{"href":"https:\/\/www.hvlrijbodems.nl\/de\/wp-json\/wp\/v2\/pages"}],"about":[{"href":"https:\/\/www.hvlrijbodems.nl\/de\/wp-json\/wp\/v2\/types\/page"}],"author":[{"embeddable":true,"href":"https:\/\/www.hvlrijbodems.nl\/de\/wp-json\/wp\/v2\/users\/3"}],"replies":[{"embeddable":true,"href":"https:\/\/www.hvlrijbodems.nl\/de\/wp-json\/wp\/v2\/comments?post=1742"}],"version-history":[{"count":7,"href":"https:\/\/www.hvlrijbodems.nl\/de\/wp-json\/wp\/v2\/pages\/1742\/revisions"}],"predecessor-version":[{"id":2667,"href":"https:\/\/www.hvlrijbodems.nl\/de\/wp-json\/wp\/v2\/pages\/1742\/revisions\/2667"}],"wp:attachment":[{"href":"https:\/\/www.hvlrijbodems.nl\/de\/wp-json\/wp\/v2\/media?parent=1742"}],"curies":[{"name":"wp","href":"https:\/\/api.w.org\/{rel}","templated":true}]}}