{"id":1815,"date":"2019-04-16T13:12:22","date_gmt":"2019-04-16T13:12:22","guid":{"rendered":"http:\/\/www.hvlrijbodems.nl\/home\/"},"modified":"2022-03-01T13:18:09","modified_gmt":"2022-03-01T12:18:09","slug":"home","status":"publish","type":"page","link":"https:\/\/www.hvlrijbodems.nl\/de\/","title":{"rendered":"Home"},"content":{"rendered":"[mk_page_section bg_color=&#8220;#ffffff&#8220; bg_position=&#8220;center top&#8220; bg_repeat=&#8220;no-repeat&#8220; bg_stretch=&#8220;true&#8220; enable_3d=&#8220;true&#8220; speed_factor=&#8220;0.5&#8243; bg_video=&#8220;yes&#8220; video_source=&#8220;social&#8220; poster_image=&#8220;http:\/\/www.hvlrijbodems.nl\/wp-content\/uploads\/2015\/12\/onze-projecten.jpg&#8220; stream_video_id=&#8220;ds1ufwM1VBg&#8220; bg_gradient=&#8220;vertical&#8220; video_color_mask=&#8220;rgba(255,255,255,0)&#8220; video_opacity=&#8220;0.7&#8243; min_height=&#8220;716&#8243; full_width=&#8220;true&#8220; padding_top=&#8220;225&#8243; padding_bottom=&#8220;225&#8243; sidebar=&#8220;sidebar-1&#8243;][vc_column][mk_fancy_title color=&#8220;#ffffff&#8220; size=&#8220;40&#8243; force_font_size=&#8220;true&#8220; size_phone=&#8220;28&#8243; font_weight=&#8220;bold&#8220; txt_transform=&#8220;uppercase&#8220; letter_spacing=&#8220;1&#8243; font_family=&#8220;Montserrat&#8220; font_type=&#8220;google&#8220; align=&#8220;center&#8220; animation=&#8220;scale-up&#8220;]Ihr Partner f\u00fcr Reitb\u00f6den und zugeh\u00f6rige Infrastruktur[\/mk_fancy_title][mk_button dimension=&#8220;outline&#8220; size=&#8220;medium&#8220; url=&#8220;http:\/\/www.hvlrijbodems.nl\/de\/ueber-uns\/&#8220; align=&#8220;center&#8220; margin_top=&#8220;40&#8243; margin_bottom=&#8220;40&#8243; animation=&#8220;scale-up&#8220; outline_skin=&#8220;light&#8220;]Mehr \u00fcber uns[\/mk_button][\/vc_column][\/mk_page_section][vc_row fullwidth=&#8220;true&#8220; fullwidth_content=&#8220;false&#8220; css=&#8220;.vc_custom_1510584971591{background-color: #f7f7f7 !important;}&#8220;][vc_column][mk_padding_divider size=&#8220;70&#8243;][mk_fancy_title color=&#8220;#00375e&#8220; size=&#8220;28&#8243; font_weight=&#8220;400&#8243; letter_spacing=&#8220;1&#8243; margin_bottom=&#8220;0&#8243; font_family=&#8220;none&#8220; align=&#8220;center&#8220;]\u00dcBER 20 JAHRE <strong style=\"color:#00375e;\">ERFAHRUNG<\/strong>[\/mk_fancy_title][mk_divider style=&#8220;thin_solid&#8220; divider_width=&#8220;custom_width&#8220; custom_width=&#8220;50&#8243; thin_single_color=&#8220;#d00b19&#8243; thickness=&#8220;5&#8243; margin_top=&#8220;30&#8243; margin_bottom=&#8220;44&#8243;][vc_column_text disable_pattern=&#8220;false&#8220; align=&#8220;center&#8220; css=&#8220;.vc_custom_1555426074215{margin-bottom: 0px !important;padding-right: 20px !important;padding-left: 20px !important;}&#8220;]HVL Rijbodems ist Ihr angewiesener Partner beim Anlegen Ihres Reitbodens und der zugeh\u00f6rigen Infrastruktur. Wir sind spezialisiert auf den B\u00f6den mit Ebbe-Flut-System (all-weather B\u00f6den), doch auch f\u00fcr die Untersuchung, Beratung und kompletten Bau haben wir alles im Hause.<\/p>\n<p>Mit modernster GPS- und Laserapparatur, aufrichtiger Beratung und hochwertiger Ausf\u00fchrung legen wir Ihren Reitplatz, Hallenboden, Paddock oder Longier Zirkel an. Wir legen sehr viel Wert auf Vertrauen, Freundlichkeit, eine gute Beratung und eine korrekte, professionelle Abwicklung. Dadurch erreichen wir gute Ergebnisse und viele begeisterte Reaktionen.[\/vc_column_text][mk_padding_divider][mk_button dimension=&#8220;flat&#8220; size=&#8220;medium&#8220; letter_spacing=&#8220;1&#8243; url=&#8220;http:\/\/www.hvlrijbodems.nl\/de\/ueber-uns\/&#8220; align=&#8220;center&#8220; margin_bottom=&#8220;0&#8243; bg_color=&#8220;#00375e&#8220; btn_hover_bg=&#8220;#bc0707&#8243;]Mehr \u00fcber uns[\/mk_button][mk_padding_divider size=&#8220;80&#8243;][\/vc_column][\/vc_row][vc_row][vc_column][mk_padding_divider size=&#8220;100&#8243;][mk_fancy_title color=&#8220;#00375e&#8220; size=&#8220;28&#8243; font_weight=&#8220;400&#8243; letter_spacing=&#8220;1&#8243; margin_bottom=&#8220;0&#8243; font_family=&#8220;none&#8220; align=&#8220;center&#8220;]<strong>UNSERE SPEZIALIT\u00c4TEN<\/strong>[\/mk_fancy_title][mk_divider style=&#8220;thin_solid&#8220; divider_width=&#8220;custom_width&#8220; custom_width=&#8220;50&#8243; thin_single_color=&#8220;#d00b19&#8243; thickness=&#8220;5&#8243; margin_top=&#8220;30&#8243; margin_bottom=&#8220;44&#8243;][vc_row_inner][vc_column_inner width=&#8220;1\/3&#8243;][mk_image src=&#8220;http:\/\/www.hvlrijbodems.nl\/wp-content\/uploads\/2017\/11\/bovenaf.jpg&#8220; image_width=&#8220;350&#8243; image_height=&#8220;250&#8243;][mk_fancy_title color=&#8220;#00375e&#8220; size=&#8220;16&#8243; font_weight=&#8220;bold&#8220; txt_transform=&#8220;uppercase&#8220; letter_spacing=&#8220;1&#8243; margin_top=&#8220;25&#8243; margin_bottom=&#8220;0&#8243; font_family=&#8220;none&#8220; align=&#8220;center&#8220;]<strong>\u00a0<\/strong><strong>EBBE-FLUT B\u00d6DEN<\/strong>[\/mk_fancy_title][vc_column_text disable_pattern=&#8220;false&#8220; align=&#8220;center&#8220; css=&#8220;.vc_custom_1511183650881{margin-bottom: 0px !important;}&#8220;]Ebbe- und Flutb\u00f6den sind Reitsportb\u00f6den mit integriertem Be- und Entw\u00e4sserungssystem.[\/vc_column_text][mk_padding_divider size=&#8220;10&#8243;][mk_button dimension=&#8220;flat&#8220; size=&#8220;medium&#8220; url=&#8220;http:\/\/www.hvlrijbodems.nl\/de\/oberschicht-sand\/&#8220; align=&#8220;center&#8220; bg_color=&#8220;#00375e&#8220; btn_hover_bg=&#8220;#bc0707&#8243;]Produktinformationen[\/mk_button][mk_padding_divider size=&#8220;30&#8243;][\/vc_column_inner][vc_column_inner width=&#8220;1\/3&#8243;][mk_image src=&#8220;http:\/\/www.hvlrijbodems.nl\/wp-content\/uploads\/2015\/12\/toplaag-2.jpg&#8220; image_width=&#8220;350&#8243; image_height=&#8220;250&#8243;][mk_fancy_title color=&#8220;#00375e&#8220; size=&#8220;16&#8243; font_weight=&#8220;bold&#8220; txt_transform=&#8220;uppercase&#8220; letter_spacing=&#8220;1&#8243; margin_top=&#8220;25&#8243; margin_bottom=&#8220;0&#8243; font_family=&#8220;none&#8220; align=&#8220;center&#8220;]<strong>TRETSCHICHT SAND<\/strong>[\/mk_fancy_title][vc_column_text disable_pattern=&#8220;false&#8220; align=&#8220;center&#8220; css=&#8220;.vc_custom_1550495329233{margin-bottom: 0px !important;}&#8220;]Der richtige Sand ist essentiell f\u00fcr die Leistungsf\u00e4higkeit Ihres Bodens.[\/vc_column_text][mk_padding_divider size=&#8220;35&#8243;][mk_button dimension=&#8220;flat&#8220; size=&#8220;medium&#8220; url=&#8220;http:\/\/www.hvlrijbodems.nl\/de\/oberschicht-sand\/&#8220; align=&#8220;center&#8220; bg_color=&#8220;#00375e&#8220; btn_hover_bg=&#8220;#bc0707&#8243;]Produktinformationen[\/mk_button][mk_padding_divider size=&#8220;30&#8243;][\/vc_column_inner][vc_column_inner width=&#8220;1\/3&#8243;][mk_image src=&#8220;http:\/\/www.hvlrijbodems.nl\/wp-content\/uploads\/2015\/12\/vlokken-wit.jpg&#8220; image_width=&#8220;350&#8243; image_height=&#8220;250&#8243;][mk_fancy_title color=&#8220;#00375e&#8220; size=&#8220;16&#8243; font_weight=&#8220;bold&#8220; txt_transform=&#8220;uppercase&#8220; letter_spacing=&#8220;1&#8243; margin_top=&#8220;25&#8243; margin_bottom=&#8220;0&#8243; font_family=&#8220;none&#8220; align=&#8220;center&#8220;]<strong>FLOCKEN UND FASERN<\/strong>[\/mk_fancy_title][vc_column_text disable_pattern=&#8220;false&#8220; align=&#8220;center&#8220; css=&#8220;.vc_custom_1513848346523{margin-bottom: 0px !important;}&#8220;]Weniger Wartung, weniger Verletzungen und mehr Stabilit\u00e4t durch den richtigen Mix von Flocken und Fasern.[\/vc_column_text][mk_padding_divider size=&#8220;10&#8243;][mk_button dimension=&#8220;flat&#8220; size=&#8220;medium&#8220; url=&#8220;http:\/\/www.hvlrijbodems.nl\/de\/flocken-und-fasern\/&#8220; align=&#8220;center&#8220; bg_color=&#8220;#00375e&#8220; btn_hover_bg=&#8220;#bc0707&#8243;]Produktinformationen[\/mk_button][mk_padding_divider size=&#8220;30&#8243;][\/vc_column_inner][vc_column_inner][\/vc_column_inner][vc_column_inner][\/vc_column_inner][\/vc_row_inner][mk_divider style=&#8220;thin_solid&#8220; divider_width=&#8220;one_half&#8220;][mk_padding_divider][mk_button dimension=&#8220;outline&#8220; size=&#8220;medium&#8220; letter_spacing=&#8220;1&#8243; url=&#8220;http:\/\/www.hvlrijbodems.nl\/de\/produkte\/&#8220; align=&#8220;center&#8220; margin_bottom=&#8220;0&#8243; outline_skin=&#8220;custom&#8220; outline_active_color=&#8220;#00375e&#8220; outline_active_text_color=&#8220;#00375e&#8220; outline_hover_bg_color=&#8220;#00375e&#8220; outline_hover_color=&#8220;#ffffff&#8220;]Weitere Produktinformationen[\/mk_button][mk_padding_divider size=&#8220;80&#8243;][\/vc_column][\/vc_row][mk_page_section bg_image=&#8220;http:\/\/www.hvlrijbodems.nl\/wp-content\/uploads\/2015\/12\/bg-1.png&#8220; bg_color=&#8220;#525252&#8243; blend_mode=&#8220;luminosity&#8220; attachment=&#8220;fixed&#8220; bg_position=&#8220;center center&#8220; bg_repeat=&#8220;no-repeat&#8220; bg_stretch=&#8220;true&#8220; speed_factor=&#8220;0.5&#8243; video_color_mask=&#8220;#00375e&#8220; video_opacity=&#8220;0.9&#8243; min_height=&#8220;320&#8243; padding_top=&#8220;80&#8243; padding_bottom=&#8220;65&#8243; sidebar=&#8220;sidebar-1&#8243;][vc_column][mk_fancy_title color=&#8220;#ffffff&#8220; size=&#8220;28&#8243; font_weight=&#8220;300&#8243; letter_spacing=&#8220;1&#8243; margin_bottom=&#8220;0&#8243; font_family=&#8220;none&#8220; align=&#8220;center&#8220;]GESPANNT WELCHER BODEN GEEIGNET IST F\u00dcR SIE?<\/p>\n<p>MACHEN SIE KOSTENLOS UND FREIBLEIBEND DEN BODENCHECK[\/mk_fancy_title][mk_button dimension=&#8220;outline&#8220; size=&#8220;medium&#8220; url=&#8220;http:\/\/www.hvlrijbodems.nl\/de\/bodencheck\/&#8220; align=&#8220;center&#8220; margin_top=&#8220;40&#8243; margin_bottom=&#8220;40&#8243; outline_skin=&#8220;light&#8220;]Zum Bodencheck[\/mk_button][\/vc_column][\/mk_page_section][vc_row][vc_column][mk_padding_divider size=&#8220;100&#8243;][mk_fancy_title color=&#8220;#00375e&#8220; size=&#8220;28&#8243; font_weight=&#8220;400&#8243; letter_spacing=&#8220;1&#8243; margin_bottom=&#8220;0&#8243; font_family=&#8220;none&#8220; align=&#8220;center&#8220;]EINIGE UNSERER REFERENZEN[\/mk_fancy_title][mk_divider style=&#8220;thin_solid&#8220; divider_width=&#8220;custom_width&#8220; custom_width=&#8220;50&#8243; thin_single_color=&#8220;#d00b19&#8243; thickness=&#8220;5&#8243; margin_top=&#8220;30&#8243; margin_bottom=&#8220;44&#8243;][mk_portfolio height=&#8220;250&#8243; meta_type=&#8220;none&#8220; count=&#8220;3&#8243; sortable=&#8220;false&#8220; pagination=&#8220;false&#8220;][mk_padding_divider size=&#8220;80&#8243;][mk_button dimension=&#8220;flat&#8220; size=&#8220;medium&#8220; letter_spacing=&#8220;1&#8243; url=&#8220;http:\/\/www.hvlrijbodems.nl\/de\/referenzen\/&#8220; align=&#8220;center&#8220; margin_bottom=&#8220;0&#8243; bg_color=&#8220;#00375e&#8220; btn_hover_bg=&#8220;#bc0707&#8243;]<strong>MEHR REFERENZEN<\/strong>[\/mk_button][mk_padding_divider size=&#8220;80&#8243;][\/vc_column][\/vc_row]\n","protected":false},"excerpt":{"rendered":"<p>[mk_page_section bg_color=&#8220;#ffffff&#8220; bg_position=&#8220;center top&#8220; bg_repeat=&#8220;no-repeat&#8220; bg_stretch=&#8220;true&#8220; enable_3d=&#8220;true&#8220; speed_factor=&#8220;0.5&#8243; bg_video=&#8220;yes&#8220; video_source=&#8220;social&#8220; poster_image=&#8220;http:\/\/www.hvlrijbodems.nl\/wp-content\/uploads\/2015\/12\/onze-projecten.jpg&#8220; stream_video_id=&#8220;ds1ufwM1VBg&#8220; bg_gradient=&#8220;vertical&#8220; video_color_mask=&#8220;rgba(255,255,255,0)&#8220; video_opacity=&#8220;0.7&#8243; min_height=&#8220;716&#8243; full_width=&#8220;true&#8220; padding_top=&#8220;225&#8243; padding_bottom=&#8220;225&#8243; sidebar=&#8220;sidebar-1&#8243;][vc_column][mk_fancy_title color=&#8220;#ffffff&#8220; size=&#8220;40&#8243; force_font_size=&#8220;true&#8220; size_phone=&#8220;28&#8243; font_weight=&#8220;bold&#8220; txt_transform=&#8220;uppercase&#8220; letter_spacing=&#8220;1&#8243; font_family=&#8220;Montserrat&#8220; font_type=&#8220;google&#8220; align=&#8220;center&#8220; animation=&#8220;scale-up&#8220;]Ihr Partner f\u00fcr Reitb\u00f6den und zugeh\u00f6rige Infrastruktur[\/mk_fancy_title][mk_button dimension=&#8220;outline&#8220; size=&#8220;medium&#8220; url=&#8220;http:\/\/www.hvlrijbodems.nl\/de\/ueber-uns\/&#8220; align=&#8220;center&#8220; margin_top=&#8220;40&#8243; margin_bottom=&#8220;40&#8243; animation=&#8220;scale-up&#8220; outline_skin=&#8220;light&#8220;]Mehr \u00fcber uns[\/mk_button][\/vc_column][\/mk_page_section][vc_row fullwidth=&#8220;true&#8220; fullwidth_content=&#8220;false&#8220; css=&#8220;.vc_custom_1510584971591{background-color: #f7f7f7 !important;}&#8220;][vc_column][mk_padding_divider size=&#8220;70&#8243;][mk_fancy_title color=&#8220;#00375e&#8220; size=&#8220;28&#8243; [&hellip;]<\/p>\n","protected":false},"author":4,"featured_media":0,"parent":0,"menu_order":0,"comment_status":"closed","ping_status":"closed","template":"","meta":{"_exactmetrics_skip_tracking":false,"_exactmetrics_sitenote_active":false,"_exactmetrics_sitenote_note":"","_exactmetrics_sitenote_category":0,"_monsterinsights_skip_tracking":false,"_monsterinsights_sitenote_active":false,"_monsterinsights_sitenote_note":"","_monsterinsights_sitenote_category":0},"_links":{"self":[{"href":"https:\/\/www.hvlrijbodems.nl\/de\/wp-json\/wp\/v2\/pages\/1815"}],"collection":[{"href":"https:\/\/www.hvlrijbodems.nl\/de\/wp-json\/wp\/v2\/pages"}],"about":[{"href":"https:\/\/www.hvlrijbodems.nl\/de\/wp-json\/wp\/v2\/types\/page"}],"author":[{"embeddable":true,"href":"https:\/\/www.hvlrijbodems.nl\/de\/wp-json\/wp\/v2\/users\/4"}],"replies":[{"embeddable":true,"href":"https:\/\/www.hvlrijbodems.nl\/de\/wp-json\/wp\/v2\/comments?post=1815"}],"version-history":[{"count":20,"href":"https:\/\/www.hvlrijbodems.nl\/de\/wp-json\/wp\/v2\/pages\/1815\/revisions"}],"predecessor-version":[{"id":2670,"href":"https:\/\/www.hvlrijbodems.nl\/de\/wp-json\/wp\/v2\/pages\/1815\/revisions\/2670"}],"wp:attachment":[{"href":"https:\/\/www.hvlrijbodems.nl\/de\/wp-json\/wp\/v2\/media?parent=1815"}],"curies":[{"name":"wp","href":"https:\/\/api.w.org\/{rel}","templated":true}]}}