{"id":1887,"date":"2019-04-16T14:42:47","date_gmt":"2019-04-16T14:42:47","guid":{"rendered":"http:\/\/www.hvlrijbodems.nl\/?page_id=1887"},"modified":"2022-02-09T09:41:00","modified_gmt":"2022-02-09T08:41:00","slug":"flocken-und-fasern","status":"publish","type":"page","link":"https:\/\/www.hvlrijbodems.nl\/de\/flocken-und-fasern\/","title":{"rendered":"Flocken und Fasern"},"content":{"rendered":"[mk_page_section bg_image=&#8220;http:\/\/www.hvlrijbodems.nl\/wp-content\/uploads\/2017\/11\/vlokken-en-vezels.jpg&#8220; bg_color=&#8220;#f9f9f9&#8243; attachment=&#8220;fixed&#8220; bg_position=&#8220;center center&#8220; bg_repeat=&#8220;no-repeat&#8220; bg_stretch=&#8220;true&#8220; enable_3d=&#8220;true&#8220; speed_factor=&#8220;0.4&#8243; min_height=&#8220;300&#8243; full_width=&#8220;true&#8220; padding_top=&#8220;110&#8243; padding_bottom=&#8220;90&#8243; visibility=&#8220;hidden-sm&#8220; sidebar=&#8220;sidebar-1&#8243;][vc_column][\/vc_column][\/mk_page_section][vc_row][vc_column][mk_padding_divider size=&#8220;80&#8243;][mk_fancy_title color=&#8220;#00375e&#8220; size=&#8220;28&#8243; font_weight=&#8220;bold&#8220; txt_transform=&#8220;uppercase&#8220; letter_spacing=&#8220;2&#8243; margin_bottom=&#8220;0&#8243; font_family=&#8220;none&#8220;]Flocken und Fasern[\/mk_fancy_title][mk_divider style=&#8220;thin_solid&#8220; divider_width=&#8220;custom_width&#8220; custom_width=&#8220;50&#8243; align=&#8220;left&#8220; thin_single_color=&#8220;#d00b19&#8243; thickness=&#8220;5&#8243; margin_top=&#8220;30&#8243; margin_bottom=&#8220;44&#8243;][vc_column_text css=&#8220;.vc_custom_1555425826349{margin-bottom: 0px !important;}&#8220;]Sie wollen f\u00fcr Ihre Reitanlage einen guten Boden haben. Damit reitet es sich angenehmer f\u00fcr Sie und Ihre Pferde. Wenn der Boden zu tief nachgibt unter den Hufen, ist das schlecht f\u00fcr Sehnen und Muskeln. Bei einem schlechten Boden haben Sie mehr Probleme mit aufwirbelndem Staub.<\/p>\n<p>Ein schlechter Boden braucht schlichtweg mehr Pflege.<\/p>\n<p>Durch die Nutzung der richtigen Mischung von Flocken und Fasern bekommt Ihr Boden die bestm\u00f6gliche Stabilit\u00e4t. Das Mischverh\u00e4ltnis bestimmt, ob der Boden geeignet ist f\u00fcr Dressur oder Springen.<\/p>\n<p>HVL Rijbodems verwendet einen besonderen Mix der die Stabilit\u00e4t und Elastizit\u00e4t der Oberschicht enorm verbessert. Einige Vorteile:<\/p>\n<ol>\n<li>Anwendbar bei bestehenden und neuen B\u00f6den.<\/li>\n<li>Weniger Verschlei\u00df des Bodens und mehr Elastizit\u00e4t und Stabilit\u00e4t!<\/li>\n<li>F\u00f6rdert den Durchfluss des Wassers in der Oberschicht.<\/li>\n<li>Sowohl in Hallen als auch auf Au\u00dfenpl\u00e4tzen anwendbar.<\/li>\n<\/ol>\n<p>Sie k\u00f6nnen den Mix selber einbringen oder dies durch uns anlegen lassen. HVL Rijbodems verteilt und fr\u00e4st es in den Boden um eine optimale Oberschicht zu erhalten.<\/p>\n[\/vc_column_text][mk_padding_divider size=&#8220;80&#8243;][\/vc_column][\/vc_row][vc_row][vc_column width=&#8220;1\/2&#8243;][vc_video link=&#8220;https:\/\/www.youtube.com\/watch?v=AJ3QoyRUXCY&amp;feature=youtu.be&#8220;][mk_padding_divider size=&#8220;80&#8243;][\/vc_column][vc_column width=&#8220;1\/2&#8243;][vc_video link=&#8220;https:\/\/www.youtube.com\/watch?v=1zp-vEa6wjU&amp;feature=youtu.be&#8220;][mk_padding_divider size=&#8220;80&#8243;][\/vc_column][\/vc_row]\n","protected":false},"excerpt":{"rendered":"<p>[mk_page_section bg_image=&#8220;http:\/\/www.hvlrijbodems.nl\/wp-content\/uploads\/2017\/11\/vlokken-en-vezels.jpg&#8220; bg_color=&#8220;#f9f9f9&#8243; attachment=&#8220;fixed&#8220; bg_position=&#8220;center center&#8220; bg_repeat=&#8220;no-repeat&#8220; bg_stretch=&#8220;true&#8220; enable_3d=&#8220;true&#8220; speed_factor=&#8220;0.4&#8243; min_height=&#8220;300&#8243; full_width=&#8220;true&#8220; padding_top=&#8220;110&#8243; padding_bottom=&#8220;90&#8243; visibility=&#8220;hidden-sm&#8220; sidebar=&#8220;sidebar-1&#8243;][vc_column][\/vc_column][\/mk_page_section][vc_row][vc_column][mk_padding_divider size=&#8220;80&#8243;][mk_fancy_title color=&#8220;#00375e&#8220; size=&#8220;28&#8243; font_weight=&#8220;bold&#8220; txt_transform=&#8220;uppercase&#8220; letter_spacing=&#8220;2&#8243; margin_bottom=&#8220;0&#8243; font_family=&#8220;none&#8220;]Flocken und Fasern[\/mk_fancy_title][mk_divider style=&#8220;thin_solid&#8220; divider_width=&#8220;custom_width&#8220; custom_width=&#8220;50&#8243; align=&#8220;left&#8220; thin_single_color=&#8220;#d00b19&#8243; thickness=&#8220;5&#8243; margin_top=&#8220;30&#8243; margin_bottom=&#8220;44&#8243;][vc_column_text css=&#8220;.vc_custom_1555425826349{margin-bottom: 0px !important;}&#8220;]Sie wollen f\u00fcr Ihre Reitanlage einen guten Boden haben. Damit reitet es sich angenehmer f\u00fcr Sie und Ihre Pferde. [&hellip;]<\/p>\n","protected":false},"author":3,"featured_media":0,"parent":0,"menu_order":0,"comment_status":"closed","ping_status":"closed","template":"","meta":{"_exactmetrics_skip_tracking":false,"_exactmetrics_sitenote_active":false,"_exactmetrics_sitenote_note":"","_exactmetrics_sitenote_category":0,"_monsterinsights_skip_tracking":false,"_monsterinsights_sitenote_active":false,"_monsterinsights_sitenote_note":"","_monsterinsights_sitenote_category":0},"_links":{"self":[{"href":"https:\/\/www.hvlrijbodems.nl\/de\/wp-json\/wp\/v2\/pages\/1887"}],"collection":[{"href":"https:\/\/www.hvlrijbodems.nl\/de\/wp-json\/wp\/v2\/pages"}],"about":[{"href":"https:\/\/www.hvlrijbodems.nl\/de\/wp-json\/wp\/v2\/types\/page"}],"author":[{"embeddable":true,"href":"https:\/\/www.hvlrijbodems.nl\/de\/wp-json\/wp\/v2\/users\/3"}],"replies":[{"embeddable":true,"href":"https:\/\/www.hvlrijbodems.nl\/de\/wp-json\/wp\/v2\/comments?post=1887"}],"version-history":[{"count":5,"href":"https:\/\/www.hvlrijbodems.nl\/de\/wp-json\/wp\/v2\/pages\/1887\/revisions"}],"predecessor-version":[{"id":2562,"href":"https:\/\/www.hvlrijbodems.nl\/de\/wp-json\/wp\/v2\/pages\/1887\/revisions\/2562"}],"wp:attachment":[{"href":"https:\/\/www.hvlrijbodems.nl\/de\/wp-json\/wp\/v2\/media?parent=1887"}],"curies":[{"name":"wp","href":"https:\/\/api.w.org\/{rel}","templated":true}]}}