{"id":2025,"date":"2019-04-16T15:19:27","date_gmt":"2019-04-16T15:19:27","guid":{"rendered":"http:\/\/www.hvlrijbodems.nl\/?page_id=2025"},"modified":"2022-02-09T11:05:18","modified_gmt":"2022-02-09T10:05:18","slug":"oberschicht-sand","status":"publish","type":"page","link":"https:\/\/www.hvlrijbodems.nl\/de\/oberschicht-sand\/","title":{"rendered":"Oberschicht sand"},"content":{"rendered":"[mk_page_section bg_image=&#8220;http:\/\/www.hvlrijbodems.nl\/wp-content\/uploads\/2017\/11\/toplaag-bewerkt.png&#8220; bg_color=&#8220;#f9f9f9&#8243; attachment=&#8220;fixed&#8220; bg_position=&#8220;center center&#8220; bg_repeat=&#8220;no-repeat&#8220; bg_stretch=&#8220;true&#8220; enable_3d=&#8220;true&#8220; speed_factor=&#8220;0.4&#8243; video_opacity=&#8220;0&#8243; min_height=&#8220;300&#8243; full_width=&#8220;true&#8220; padding_top=&#8220;110&#8243; padding_bottom=&#8220;90&#8243; visibility=&#8220;hidden-sm&#8220; sidebar=&#8220;sidebar-1&#8243;][vc_column][\/vc_column][\/mk_page_section][vc_row][vc_column][mk_padding_divider size=&#8220;80&#8243;][mk_fancy_title color=&#8220;#00375e&#8220; size=&#8220;28&#8243; font_weight=&#8220;bold&#8220; txt_transform=&#8220;uppercase&#8220; letter_spacing=&#8220;2&#8243; margin_bottom=&#8220;0&#8243; font_family=&#8220;none&#8220;]OBERSCHICHT SAND[\/mk_fancy_title][mk_divider style=&#8220;thin_solid&#8220; divider_width=&#8220;custom_width&#8220; custom_width=&#8220;50&#8243; align=&#8220;left&#8220; thin_single_color=&#8220;#d00b19&#8243; thickness=&#8220;5&#8243; margin_top=&#8220;30&#8243; margin_bottom=&#8220;44&#8243;][vc_column_text css=&#8220;.vc_custom_1555428025085{margin-bottom: 0px !important;}&#8220;]Ihr Reitboden ben\u00f6tigt den richtigen Sand um gut zu funktionieren. Aber welcher Sand ist der Richtige?<\/p>\n<p>Wahrscheinlich wissen Sie wann der Boden nicht gut funktioniert, aber hier ein paar Tipps f\u00fcr die richtige Auswahl:<\/p>\n<ol>\n<li>Er muss eine wasserdurchl\u00e4ssige, drainierende Funktion haben.<\/li>\n<li>Er muss stabil im Abdruck sein.<\/li>\n<li>Er muss eine regelm\u00e4\u00dfige und gleichm\u00e4\u00dfige Unterst\u00fctzung f\u00fcr die Hufe bieten.<\/li>\n<\/ol>\n<p>Wie Sie dies erreichen? Durch die Nutzung von Quartz-Sand mit der richtigen K\u00f6rnung und Zusammensetzung, eventuell gemischt mit Polyester Flocken und Fasern.[\/vc_column_text][mk_padding_divider size=&#8220;60&#8243;][\/vc_column][\/vc_row][vc_row][vc_column][mk_image src=&#8220;http:\/\/www.hvlrijbodems.nl\/wp-content\/uploads\/2015\/12\/toplaag-2.jpg&#8220; image_size=&#8220;full&#8220;][mk_padding_divider size=&#8220;80&#8243;][\/vc_column][\/vc_row]\n","protected":false},"excerpt":{"rendered":"<p>[mk_page_section bg_image=&#8220;http:\/\/www.hvlrijbodems.nl\/wp-content\/uploads\/2017\/11\/toplaag-bewerkt.png&#8220; bg_color=&#8220;#f9f9f9&#8243; attachment=&#8220;fixed&#8220; bg_position=&#8220;center center&#8220; bg_repeat=&#8220;no-repeat&#8220; bg_stretch=&#8220;true&#8220; enable_3d=&#8220;true&#8220; speed_factor=&#8220;0.4&#8243; video_opacity=&#8220;0&#8243; min_height=&#8220;300&#8243; full_width=&#8220;true&#8220; padding_top=&#8220;110&#8243; padding_bottom=&#8220;90&#8243; visibility=&#8220;hidden-sm&#8220; sidebar=&#8220;sidebar-1&#8243;][vc_column][\/vc_column][\/mk_page_section][vc_row][vc_column][mk_padding_divider size=&#8220;80&#8243;][mk_fancy_title color=&#8220;#00375e&#8220; size=&#8220;28&#8243; font_weight=&#8220;bold&#8220; txt_transform=&#8220;uppercase&#8220; letter_spacing=&#8220;2&#8243; margin_bottom=&#8220;0&#8243; font_family=&#8220;none&#8220;]OBERSCHICHT SAND[\/mk_fancy_title][mk_divider style=&#8220;thin_solid&#8220; divider_width=&#8220;custom_width&#8220; custom_width=&#8220;50&#8243; align=&#8220;left&#8220; thin_single_color=&#8220;#d00b19&#8243; thickness=&#8220;5&#8243; margin_top=&#8220;30&#8243; margin_bottom=&#8220;44&#8243;][vc_column_text css=&#8220;.vc_custom_1555428025085{margin-bottom: 0px !important;}&#8220;]Ihr Reitboden ben\u00f6tigt den richtigen Sand um gut zu funktionieren. Aber welcher Sand ist der Richtige? Wahrscheinlich wissen Sie [&hellip;]<\/p>\n","protected":false},"author":3,"featured_media":0,"parent":0,"menu_order":0,"comment_status":"closed","ping_status":"closed","template":"","meta":{"_exactmetrics_skip_tracking":false,"_exactmetrics_sitenote_active":false,"_exactmetrics_sitenote_note":"","_exactmetrics_sitenote_category":0,"_monsterinsights_skip_tracking":false,"_monsterinsights_sitenote_active":false,"_monsterinsights_sitenote_note":"","_monsterinsights_sitenote_category":0},"_links":{"self":[{"href":"https:\/\/www.hvlrijbodems.nl\/de\/wp-json\/wp\/v2\/pages\/2025"}],"collection":[{"href":"https:\/\/www.hvlrijbodems.nl\/de\/wp-json\/wp\/v2\/pages"}],"about":[{"href":"https:\/\/www.hvlrijbodems.nl\/de\/wp-json\/wp\/v2\/types\/page"}],"author":[{"embeddable":true,"href":"https:\/\/www.hvlrijbodems.nl\/de\/wp-json\/wp\/v2\/users\/3"}],"replies":[{"embeddable":true,"href":"https:\/\/www.hvlrijbodems.nl\/de\/wp-json\/wp\/v2\/comments?post=2025"}],"version-history":[{"count":4,"href":"https:\/\/www.hvlrijbodems.nl\/de\/wp-json\/wp\/v2\/pages\/2025\/revisions"}],"predecessor-version":[{"id":2582,"href":"https:\/\/www.hvlrijbodems.nl\/de\/wp-json\/wp\/v2\/pages\/2025\/revisions\/2582"}],"wp:attachment":[{"href":"https:\/\/www.hvlrijbodems.nl\/de\/wp-json\/wp\/v2\/media?parent=2025"}],"curies":[{"name":"wp","href":"https:\/\/api.w.org\/{rel}","templated":true}]}}