{"id":2605,"date":"2022-03-01T09:56:06","date_gmt":"2022-03-01T08:56:06","guid":{"rendered":"https:\/\/www.hvlrijbodems.nl\/?page_id=2605"},"modified":"2022-03-08T13:57:36","modified_gmt":"2022-03-08T12:57:36","slug":"zaune","status":"publish","type":"page","link":"https:\/\/www.hvlrijbodems.nl\/de\/zaune\/","title":{"rendered":"Z\u00e4une"},"content":{"rendered":"[mk_page_section bg_image=&#8220;http:\/\/www.hvlrijbodems.nl\/wp-content\/uploads\/2015\/12\/griekenland-header.png&#8220; bg_color=&#8220;#f9f9f9&#8243; attachment=&#8220;fixed&#8220; bg_position=&#8220;center bottom&#8220; bg_repeat=&#8220;no-repeat&#8220; bg_stretch=&#8220;true&#8220; enable_3d=&#8220;true&#8220; speed_factor=&#8220;0.4&#8243; min_height=&#8220;300&#8243; full_width=&#8220;true&#8220; padding_top=&#8220;110&#8243; padding_bottom=&#8220;90&#8243; visibility=&#8220;hidden-sm&#8220; sidebar=&#8220;sidebar-1&#8243;][vc_column][\/vc_column][\/mk_page_section][vc_row][vc_column][mk_padding_divider size=&#8220;80&#8243;][mk_fancy_title color=&#8220;#00375e&#8220; size=&#8220;28&#8243; font_weight=&#8220;bold&#8220; txt_transform=&#8220;uppercase&#8220; letter_spacing=&#8220;2&#8243; margin_bottom=&#8220;0&#8243; font_family=&#8220;none&#8220;]Z\u00c4UNE[\/mk_fancy_title][mk_divider style=&#8220;thin_solid&#8220; divider_width=&#8220;custom_width&#8220; custom_width=&#8220;50&#8243; align=&#8220;left&#8220; thin_single_color=&#8220;#d00b19&#8243; thickness=&#8220;5&#8243; margin_top=&#8220;30&#8243; margin_bottom=&#8220;44&#8243;][vc_column_text css=&#8220;.vc_custom_1646124933552{margin-bottom: 0px !important;padding-right: 20px !important;}&#8220;]Wenn Sie Ihren Reitplatz oder Ihren Longierzirkel mit einem sicheren und hochwertigen Zaun ausstatten m\u00f6chten, empfehlen wir die Verwendung von impr\u00e4gniertem Kiefern- oder Hartholz.<\/p>\n<p>&nbsp;<\/p>\n<p>Ein Zaun f\u00fcr einen Reitplatz oder einen Longierzirkel kann aus impr\u00e4gniertem Kiefern- oder Hartholz bestehen und entweder verschraubt oder mit einem Durchstecksystem versehen sein.<\/p>\n<p>&nbsp;<\/p>\n<p>M\u00f6chten Sie mehr erfahren oder sind Sie neugierig darauf, was wir sonst noch f\u00fcr Sie tun k\u00f6nnen? Dann <a href=\"http:\/\/www.hvlrijbodems.nl\/contact\">kontaktieren Sie uns<\/a> oder <a href=\"http:\/\/www.hvlrijbodems.nl\/totaalinrichting\">erfahren Sie hier mehr \u00fcber die Gesamtgestaltung<\/a>.[\/vc_column_text][mk_padding_divider size=&#8220;80&#8243;][mk_image src=&#8220;http:\/\/www.hvlrijbodems.nl\/wp-content\/uploads\/2022\/03\/omheining-hvl-longeercirkel.jpg&#8220;][mk_padding_divider size=&#8220;80&#8243;][\/vc_column][\/vc_row]\n","protected":false},"excerpt":{"rendered":"<p>[mk_page_section bg_image=&#8220;http:\/\/www.hvlrijbodems.nl\/wp-content\/uploads\/2015\/12\/griekenland-header.png&#8220; bg_color=&#8220;#f9f9f9&#8243; attachment=&#8220;fixed&#8220; bg_position=&#8220;center bottom&#8220; bg_repeat=&#8220;no-repeat&#8220; bg_stretch=&#8220;true&#8220; enable_3d=&#8220;true&#8220; speed_factor=&#8220;0.4&#8243; min_height=&#8220;300&#8243; full_width=&#8220;true&#8220; padding_top=&#8220;110&#8243; padding_bottom=&#8220;90&#8243; visibility=&#8220;hidden-sm&#8220; sidebar=&#8220;sidebar-1&#8243;][vc_column][\/vc_column][\/mk_page_section][vc_row][vc_column][mk_padding_divider size=&#8220;80&#8243;][mk_fancy_title color=&#8220;#00375e&#8220; size=&#8220;28&#8243; font_weight=&#8220;bold&#8220; txt_transform=&#8220;uppercase&#8220; letter_spacing=&#8220;2&#8243; margin_bottom=&#8220;0&#8243; font_family=&#8220;none&#8220;]Z\u00c4UNE[\/mk_fancy_title][mk_divider style=&#8220;thin_solid&#8220; divider_width=&#8220;custom_width&#8220; custom_width=&#8220;50&#8243; align=&#8220;left&#8220; thin_single_color=&#8220;#d00b19&#8243; thickness=&#8220;5&#8243; margin_top=&#8220;30&#8243; margin_bottom=&#8220;44&#8243;][vc_column_text css=&#8220;.vc_custom_1646124933552{margin-bottom: 0px !important;padding-right: 20px !important;}&#8220;]Wenn Sie Ihren Reitplatz oder Ihren Longierzirkel mit einem sicheren und hochwertigen Zaun ausstatten m\u00f6chten, empfehlen wir die Verwendung [&hellip;]<\/p>\n","protected":false},"author":6,"featured_media":0,"parent":0,"menu_order":0,"comment_status":"closed","ping_status":"closed","template":"","meta":{"_exactmetrics_skip_tracking":false,"_exactmetrics_sitenote_active":false,"_exactmetrics_sitenote_note":"","_exactmetrics_sitenote_category":0,"_monsterinsights_skip_tracking":false,"_monsterinsights_sitenote_active":false,"_monsterinsights_sitenote_note":"","_monsterinsights_sitenote_category":0},"_links":{"self":[{"href":"https:\/\/www.hvlrijbodems.nl\/de\/wp-json\/wp\/v2\/pages\/2605"}],"collection":[{"href":"https:\/\/www.hvlrijbodems.nl\/de\/wp-json\/wp\/v2\/pages"}],"about":[{"href":"https:\/\/www.hvlrijbodems.nl\/de\/wp-json\/wp\/v2\/types\/page"}],"author":[{"embeddable":true,"href":"https:\/\/www.hvlrijbodems.nl\/de\/wp-json\/wp\/v2\/users\/6"}],"replies":[{"embeddable":true,"href":"https:\/\/www.hvlrijbodems.nl\/de\/wp-json\/wp\/v2\/comments?post=2605"}],"version-history":[{"count":3,"href":"https:\/\/www.hvlrijbodems.nl\/de\/wp-json\/wp\/v2\/pages\/2605\/revisions"}],"predecessor-version":[{"id":2819,"href":"https:\/\/www.hvlrijbodems.nl\/de\/wp-json\/wp\/v2\/pages\/2605\/revisions\/2819"}],"wp:attachment":[{"href":"https:\/\/www.hvlrijbodems.nl\/de\/wp-json\/wp\/v2\/media?parent=2605"}],"curies":[{"name":"wp","href":"https:\/\/api.w.org\/{rel}","templated":true}]}}