{"id":2624,"date":"2022-03-01T10:26:48","date_gmt":"2022-03-01T09:26:48","guid":{"rendered":"https:\/\/www.hvlrijbodems.nl\/?page_id=2624"},"modified":"2022-03-08T14:15:27","modified_gmt":"2022-03-08T13:15:27","slug":"gesamtgestaltung-und-architektur","status":"publish","type":"page","link":"https:\/\/www.hvlrijbodems.nl\/de\/gesamtgestaltung-und-architektur\/","title":{"rendered":"Gesamtgestaltung und Architektur"},"content":{"rendered":"[mk_page_section bg_image=&#8220;http:\/\/www.hvlrijbodems.nl\/wp-content\/uploads\/2015\/12\/haras-de-hus-buiten.jpg&#8220; bg_color=&#8220;#f9f9f9&#8243; attachment=&#8220;fixed&#8220; bg_position=&#8220;center bottom&#8220; bg_repeat=&#8220;no-repeat&#8220; bg_stretch=&#8220;true&#8220; enable_3d=&#8220;true&#8220; speed_factor=&#8220;0.4&#8243; min_height=&#8220;300&#8243; full_width=&#8220;true&#8220; padding_top=&#8220;110&#8243; padding_bottom=&#8220;90&#8243; visibility=&#8220;hidden-sm&#8220; sidebar=&#8220;sidebar-1&#8243;][vc_column][\/vc_column][\/mk_page_section][vc_row][vc_column][mk_padding_divider size=&#8220;80&#8243;][mk_fancy_title color=&#8220;#00375e&#8220; size=&#8220;28&#8243; font_weight=&#8220;bold&#8220; txt_transform=&#8220;uppercase&#8220; letter_spacing=&#8220;2&#8243; margin_bottom=&#8220;0&#8243; font_family=&#8220;none&#8220;]GESAMTGESTALTUNG UND ARCHITEKTUR[\/mk_fancy_title][mk_divider style=&#8220;thin_solid&#8220; divider_width=&#8220;custom_width&#8220; custom_width=&#8220;50&#8243; align=&#8220;left&#8220; thin_single_color=&#8220;#d00b19&#8243; thickness=&#8220;5&#8243; margin_top=&#8220;30&#8243; margin_bottom=&#8220;44&#8243;][vc_column_text css=&#8220;.vc_custom_1646126779648{margin-bottom: 0px !important;padding-right: 20px !important;}&#8220;]HVL Reitplatzbau ist nicht nur auf Reitb\u00f6den spezialisiert, sondern auch auf die Gesamtgestaltung Ihres Projekts.<\/p>\n<p>&nbsp;<\/p>\n<p>Wir k\u00f6nnen eine F\u00fchranlage, eines Longierzirkels (mit oder ohne Ebbe und Flut System), Paddocks, Z\u00e4une, St\u00e4lle, Gartenanlagen und die dazugeh\u00f6rige Infrastruktur nach Ihren W\u00fcnschen gestalten.<\/p>\n<p>&nbsp;<\/p>\n<p>Diese die gesamte Gestaltung\/Infrastruktur nach Ihren W\u00fcnsche und Ideen. Denken Sie dabei zum Beispiel an:<\/p>\n<ul>\n<li>Einrichtung des Reitbodens<\/li>\n<li>Einrichtung der F\u00fchranlage<\/li>\n<li>Anlage des Longierzirkels<\/li>\n<li>Bau einer Galopprennbahn<\/li>\n<li>Anlegen von Wegen und Parkpl\u00e4tzen, zum Beispiel durch Pflasterung<\/li>\n<li>Anlegen von Wendekreisen f\u00fcr Anh\u00e4nger\/LKWs<\/li>\n<li>Etc.<\/li>\n<\/ul>\n<p>&nbsp;<\/p>\n<p>HVL Reitplatzbau denkt mit Ihnen gemeinsam dar\u00fcber nach, was praktisch ist und sich \u00e4sthetisch in die Umgebung einf\u00fcgt, und kennt die besten Methoden, sodass Sie sicher sein k\u00f6nnen, dass Sie die ideale Gesamtl\u00f6sung erhalten.[\/vc_column_text][mk_padding_divider size=&#8220;80&#8243;][mk_image src=&#8220;http:\/\/www.hvlrijbodems.nl\/wp-content\/uploads\/2017\/12\/foto-dedemsvaart-.jpg&#8220;][mk_padding_divider size=&#8220;80&#8243;][\/vc_column][\/vc_row]\n","protected":false},"excerpt":{"rendered":"<p>[mk_page_section bg_image=&#8220;http:\/\/www.hvlrijbodems.nl\/wp-content\/uploads\/2015\/12\/haras-de-hus-buiten.jpg&#8220; bg_color=&#8220;#f9f9f9&#8243; attachment=&#8220;fixed&#8220; bg_position=&#8220;center bottom&#8220; bg_repeat=&#8220;no-repeat&#8220; bg_stretch=&#8220;true&#8220; enable_3d=&#8220;true&#8220; speed_factor=&#8220;0.4&#8243; min_height=&#8220;300&#8243; full_width=&#8220;true&#8220; padding_top=&#8220;110&#8243; padding_bottom=&#8220;90&#8243; visibility=&#8220;hidden-sm&#8220; sidebar=&#8220;sidebar-1&#8243;][vc_column][\/vc_column][\/mk_page_section][vc_row][vc_column][mk_padding_divider size=&#8220;80&#8243;][mk_fancy_title color=&#8220;#00375e&#8220; size=&#8220;28&#8243; font_weight=&#8220;bold&#8220; txt_transform=&#8220;uppercase&#8220; letter_spacing=&#8220;2&#8243; margin_bottom=&#8220;0&#8243; font_family=&#8220;none&#8220;]GESAMTGESTALTUNG UND ARCHITEKTUR[\/mk_fancy_title][mk_divider style=&#8220;thin_solid&#8220; divider_width=&#8220;custom_width&#8220; custom_width=&#8220;50&#8243; align=&#8220;left&#8220; thin_single_color=&#8220;#d00b19&#8243; thickness=&#8220;5&#8243; margin_top=&#8220;30&#8243; margin_bottom=&#8220;44&#8243;][vc_column_text css=&#8220;.vc_custom_1646126779648{margin-bottom: 0px !important;padding-right: 20px !important;}&#8220;]HVL Reitplatzbau ist nicht nur auf Reitb\u00f6den spezialisiert, sondern auch auf die Gesamtgestaltung Ihres Projekts. &nbsp; Wir [&hellip;]<\/p>\n","protected":false},"author":6,"featured_media":0,"parent":0,"menu_order":0,"comment_status":"closed","ping_status":"closed","template":"","meta":{"_exactmetrics_skip_tracking":false,"_exactmetrics_sitenote_active":false,"_exactmetrics_sitenote_note":"","_exactmetrics_sitenote_category":0,"_monsterinsights_skip_tracking":false,"_monsterinsights_sitenote_active":false,"_monsterinsights_sitenote_note":"","_monsterinsights_sitenote_category":0},"_links":{"self":[{"href":"https:\/\/www.hvlrijbodems.nl\/de\/wp-json\/wp\/v2\/pages\/2624"}],"collection":[{"href":"https:\/\/www.hvlrijbodems.nl\/de\/wp-json\/wp\/v2\/pages"}],"about":[{"href":"https:\/\/www.hvlrijbodems.nl\/de\/wp-json\/wp\/v2\/types\/page"}],"author":[{"embeddable":true,"href":"https:\/\/www.hvlrijbodems.nl\/de\/wp-json\/wp\/v2\/users\/6"}],"replies":[{"embeddable":true,"href":"https:\/\/www.hvlrijbodems.nl\/de\/wp-json\/wp\/v2\/comments?post=2624"}],"version-history":[{"count":2,"href":"https:\/\/www.hvlrijbodems.nl\/de\/wp-json\/wp\/v2\/pages\/2624\/revisions"}],"predecessor-version":[{"id":2830,"href":"https:\/\/www.hvlrijbodems.nl\/de\/wp-json\/wp\/v2\/pages\/2624\/revisions\/2830"}],"wp:attachment":[{"href":"https:\/\/www.hvlrijbodems.nl\/de\/wp-json\/wp\/v2\/media?parent=2624"}],"curies":[{"name":"wp","href":"https:\/\/api.w.org\/{rel}","templated":true}]}}