{"id":2636,"date":"2022-03-01T10:40:12","date_gmt":"2022-03-01T09:40:12","guid":{"rendered":"https:\/\/www.hvlrijbodems.nl\/?page_id=2636"},"modified":"2022-03-08T14:34:41","modified_gmt":"2022-03-08T13:34:41","slug":"kantenpflug","status":"publish","type":"page","link":"https:\/\/www.hvlrijbodems.nl\/de\/kantenpflug\/","title":{"rendered":"Kantenpflug"},"content":{"rendered":"[mk_page_section bg_image=&#8220;http:\/\/www.hvlrijbodems.nl\/wp-content\/uploads\/2017\/11\/kantploeg-foto.jpg&#8220; bg_color=&#8220;#f9f9f9&#8243; attachment=&#8220;fixed&#8220; bg_position=&#8220;center bottom&#8220; bg_repeat=&#8220;no-repeat&#8220; bg_stretch=&#8220;true&#8220; enable_3d=&#8220;true&#8220; speed_factor=&#8220;0.4&#8243; min_height=&#8220;300&#8243; full_width=&#8220;true&#8220; padding_top=&#8220;110&#8243; padding_bottom=&#8220;90&#8243; visibility=&#8220;hidden-sm&#8220; sidebar=&#8220;sidebar-1&#8243;][vc_column][\/vc_column][\/mk_page_section][vc_row][vc_column][mk_padding_divider size=&#8220;80&#8243;][mk_fancy_title color=&#8220;#00375e&#8220; size=&#8220;28&#8243; font_weight=&#8220;bold&#8220; txt_transform=&#8220;uppercase&#8220; letter_spacing=&#8220;2&#8243; margin_bottom=&#8220;0&#8243; font_family=&#8220;none&#8220;]KANTENPFLUG[\/mk_fancy_title][mk_divider style=&#8220;thin_solid&#8220; divider_width=&#8220;custom_width&#8220; custom_width=&#8220;50&#8243; align=&#8220;left&#8220; thin_single_color=&#8220;#d00b19&#8243; thickness=&#8220;5&#8243; margin_top=&#8220;30&#8243; margin_bottom=&#8220;44&#8243;][vc_column_text css=&#8220;.vc_custom_1646127587508{margin-bottom: 0px !important;padding-right: 20px !important;}&#8220;]Wird der Reitplatz Ihrer Anlage intensiv genutzt? Dann sehen Sie regelm\u00e4\u00dfig am selben Tag die Hufspur an der Au\u00dfenseite des Platzes. Das ist nicht gut f\u00fcr die Pferde und es sieht auch nicht ordentlich aus. Es ist jedoch nicht immer notwendig, sofort ein Planierger\u00e4t einzusetzen; Sie k\u00f6nnen f\u00fcr die Pflege zwischendurch einen Kantenpflug verwenden.<\/p>\n<p>&nbsp;<\/p>\n<p>Der Kantenpflug ist ein praktisches Werkzeug zum Einebnen der Hufspur. Der Kantenpflug eignet sich f\u00fcr alle B\u00f6den und ist sehr einfach zu bedienen. In weniger als 5 Minuten k\u00f6nnen Sie die Hufspur wieder glatt bekommen!<\/p>\n<p>&nbsp;<\/p>\n<p>Der Kantenpflug ist eine echte Erg\u00e4nzung zum Planierger\u00e4t und eigentlich unverzichtbar f\u00fcr jeden Pferdeplatz &#8211; ob f\u00fcr Dressur, Springen oder Freizeitreiten.<\/p>\n<p>&nbsp;<\/p>\n<p>Wenn Sie den Kantenpflug einmal kostenlos ausprobiert haben, werden Sie ihn nicht mehr missen wollen![\/vc_column_text][mk_padding_divider size=&#8220;80&#8243;][mk_padding_divider size=&#8220;80&#8243;][\/vc_column][\/vc_row][vc_row][vc_column][vc_video link=&#8220;https:\/\/youtu.be\/Rm28EfJN0r0&#8243;][\/vc_column][\/vc_row]\n","protected":false},"excerpt":{"rendered":"<p>[mk_page_section bg_image=&#8220;http:\/\/www.hvlrijbodems.nl\/wp-content\/uploads\/2017\/11\/kantploeg-foto.jpg&#8220; bg_color=&#8220;#f9f9f9&#8243; attachment=&#8220;fixed&#8220; bg_position=&#8220;center bottom&#8220; bg_repeat=&#8220;no-repeat&#8220; bg_stretch=&#8220;true&#8220; enable_3d=&#8220;true&#8220; speed_factor=&#8220;0.4&#8243; min_height=&#8220;300&#8243; full_width=&#8220;true&#8220; padding_top=&#8220;110&#8243; padding_bottom=&#8220;90&#8243; visibility=&#8220;hidden-sm&#8220; sidebar=&#8220;sidebar-1&#8243;][vc_column][\/vc_column][\/mk_page_section][vc_row][vc_column][mk_padding_divider size=&#8220;80&#8243;][mk_fancy_title color=&#8220;#00375e&#8220; size=&#8220;28&#8243; font_weight=&#8220;bold&#8220; txt_transform=&#8220;uppercase&#8220; letter_spacing=&#8220;2&#8243; margin_bottom=&#8220;0&#8243; font_family=&#8220;none&#8220;]KANTENPFLUG[\/mk_fancy_title][mk_divider style=&#8220;thin_solid&#8220; divider_width=&#8220;custom_width&#8220; custom_width=&#8220;50&#8243; align=&#8220;left&#8220; thin_single_color=&#8220;#d00b19&#8243; thickness=&#8220;5&#8243; margin_top=&#8220;30&#8243; margin_bottom=&#8220;44&#8243;][vc_column_text css=&#8220;.vc_custom_1646127587508{margin-bottom: 0px !important;padding-right: 20px !important;}&#8220;]Wird der Reitplatz Ihrer Anlage intensiv genutzt? Dann sehen Sie regelm\u00e4\u00dfig am selben Tag die Hufspur an der Au\u00dfenseite [&hellip;]<\/p>\n","protected":false},"author":6,"featured_media":0,"parent":0,"menu_order":0,"comment_status":"closed","ping_status":"closed","template":"","meta":{"_exactmetrics_skip_tracking":false,"_exactmetrics_sitenote_active":false,"_exactmetrics_sitenote_note":"","_exactmetrics_sitenote_category":0,"_monsterinsights_skip_tracking":false,"_monsterinsights_sitenote_active":false,"_monsterinsights_sitenote_note":"","_monsterinsights_sitenote_category":0},"_links":{"self":[{"href":"https:\/\/www.hvlrijbodems.nl\/de\/wp-json\/wp\/v2\/pages\/2636"}],"collection":[{"href":"https:\/\/www.hvlrijbodems.nl\/de\/wp-json\/wp\/v2\/pages"}],"about":[{"href":"https:\/\/www.hvlrijbodems.nl\/de\/wp-json\/wp\/v2\/types\/page"}],"author":[{"embeddable":true,"href":"https:\/\/www.hvlrijbodems.nl\/de\/wp-json\/wp\/v2\/users\/6"}],"replies":[{"embeddable":true,"href":"https:\/\/www.hvlrijbodems.nl\/de\/wp-json\/wp\/v2\/comments?post=2636"}],"version-history":[{"count":4,"href":"https:\/\/www.hvlrijbodems.nl\/de\/wp-json\/wp\/v2\/pages\/2636\/revisions"}],"predecessor-version":[{"id":2848,"href":"https:\/\/www.hvlrijbodems.nl\/de\/wp-json\/wp\/v2\/pages\/2636\/revisions\/2848"}],"wp:attachment":[{"href":"https:\/\/www.hvlrijbodems.nl\/de\/wp-json\/wp\/v2\/media?parent=2636"}],"curies":[{"name":"wp","href":"https:\/\/api.w.org\/{rel}","templated":true}]}}