{"id":2662,"date":"2022-03-01T10:54:41","date_gmt":"2022-03-01T09:54:41","guid":{"rendered":"https:\/\/www.hvlrijbodems.nl\/?page_id=2662"},"modified":"2022-03-08T14:26:07","modified_gmt":"2022-03-08T13:26:07","slug":"bodenpflege","status":"publish","type":"page","link":"https:\/\/www.hvlrijbodems.nl\/de\/bodenpflege\/","title":{"rendered":"Bodenpflege"},"content":{"rendered":"[mk_page_section bg_image=&#8220;http:\/\/www.hvlrijbodems.nl\/wp-content\/uploads\/2017\/11\/shovel-4.png&#8220; bg_color=&#8220;#f9f9f9&#8243; attachment=&#8220;fixed&#8220; bg_position=&#8220;center center&#8220; bg_repeat=&#8220;no-repeat&#8220; bg_stretch=&#8220;true&#8220; enable_3d=&#8220;true&#8220; speed_factor=&#8220;0.4&#8243; min_height=&#8220;300&#8243; full_width=&#8220;true&#8220; padding_top=&#8220;110&#8243; padding_bottom=&#8220;90&#8243; visibility=&#8220;hidden-sm&#8220; sidebar=&#8220;sidebar-1&#8243;][vc_column][\/vc_column][\/mk_page_section][vc_row][vc_column][mk_padding_divider size=&#8220;80&#8243;][mk_fancy_title color=&#8220;#00375e&#8220; size=&#8220;28&#8243; font_weight=&#8220;bold&#8220; txt_transform=&#8220;uppercase&#8220; letter_spacing=&#8220;2&#8243; margin_bottom=&#8220;0&#8243; font_family=&#8220;none&#8220;]BODENPFLEGE[\/mk_fancy_title][mk_divider style=&#8220;thin_solid&#8220; divider_width=&#8220;custom_width&#8220; custom_width=&#8220;50&#8243; align=&#8220;left&#8220; thin_single_color=&#8220;#d00b19&#8243; thickness=&#8220;5&#8243; margin_top=&#8220;30&#8243; margin_bottom=&#8220;44&#8243;][vc_column_text css=&#8220;.vc_custom_1646128467626{margin-bottom: 0px !important;padding-right: 20px !important;}&#8220;]Manchmal k\u00f6nnen Sie Ihren aktuellen Boden noch jahrelang genie\u00dfen, wenn Sie ihn gr\u00fcndlich instand setzen. Dazu geh\u00f6rt nicht nur die Nivellierung mit einem Planierhobel, sondern auch Folgendes:<\/p>\n<ul>\n<li>Auflockern der obersten Schicht (mit Hilfe einer Fr\u00e4se)<\/li>\n<li>Hinzuf\u00fcgen von Sand<\/li>\n<li>Hinzuf\u00fcgen von Flocken<\/li>\n<li>Durchsp\u00fclen des Drainagesystems<\/li>\n<\/ul>\n<p>&nbsp;<\/p>\n<p>Je nach Zustand Ihres Bodens k\u00f6nnen wir einen Pflegeplan f\u00fcr Sie aufstellen. Bitte <a href=\"http:\/\/www.hvlrijbodems.nl\/contact\">kontaktieren Sie uns<\/a> f\u00fcr weitere Informationen.[\/vc_column_text][mk_padding_divider size=&#8220;80&#8243;][mk_image src=&#8220;http:\/\/www.hvlrijbodems.nl\/wp-content\/uploads\/2022\/03\/bodemonderhoud-hvl.jpg&#8220;][mk_padding_divider size=&#8220;80&#8243;][\/vc_column][\/vc_row]\n","protected":false},"excerpt":{"rendered":"<p>[mk_page_section bg_image=&#8220;http:\/\/www.hvlrijbodems.nl\/wp-content\/uploads\/2017\/11\/shovel-4.png&#8220; bg_color=&#8220;#f9f9f9&#8243; attachment=&#8220;fixed&#8220; bg_position=&#8220;center center&#8220; bg_repeat=&#8220;no-repeat&#8220; bg_stretch=&#8220;true&#8220; enable_3d=&#8220;true&#8220; speed_factor=&#8220;0.4&#8243; min_height=&#8220;300&#8243; full_width=&#8220;true&#8220; padding_top=&#8220;110&#8243; padding_bottom=&#8220;90&#8243; visibility=&#8220;hidden-sm&#8220; sidebar=&#8220;sidebar-1&#8243;][vc_column][\/vc_column][\/mk_page_section][vc_row][vc_column][mk_padding_divider size=&#8220;80&#8243;][mk_fancy_title color=&#8220;#00375e&#8220; size=&#8220;28&#8243; font_weight=&#8220;bold&#8220; txt_transform=&#8220;uppercase&#8220; letter_spacing=&#8220;2&#8243; margin_bottom=&#8220;0&#8243; font_family=&#8220;none&#8220;]BODENPFLEGE[\/mk_fancy_title][mk_divider style=&#8220;thin_solid&#8220; divider_width=&#8220;custom_width&#8220; custom_width=&#8220;50&#8243; align=&#8220;left&#8220; thin_single_color=&#8220;#d00b19&#8243; thickness=&#8220;5&#8243; margin_top=&#8220;30&#8243; margin_bottom=&#8220;44&#8243;][vc_column_text css=&#8220;.vc_custom_1646128467626{margin-bottom: 0px !important;padding-right: 20px !important;}&#8220;]Manchmal k\u00f6nnen Sie Ihren aktuellen Boden noch jahrelang genie\u00dfen, wenn Sie ihn gr\u00fcndlich instand setzen. Dazu geh\u00f6rt nicht nur [&hellip;]<\/p>\n","protected":false},"author":6,"featured_media":0,"parent":0,"menu_order":0,"comment_status":"closed","ping_status":"closed","template":"","meta":{"_exactmetrics_skip_tracking":false,"_exactmetrics_sitenote_active":false,"_exactmetrics_sitenote_note":"","_exactmetrics_sitenote_category":0,"_monsterinsights_skip_tracking":false,"_monsterinsights_sitenote_active":false,"_monsterinsights_sitenote_note":"","_monsterinsights_sitenote_category":0},"_links":{"self":[{"href":"https:\/\/www.hvlrijbodems.nl\/de\/wp-json\/wp\/v2\/pages\/2662"}],"collection":[{"href":"https:\/\/www.hvlrijbodems.nl\/de\/wp-json\/wp\/v2\/pages"}],"about":[{"href":"https:\/\/www.hvlrijbodems.nl\/de\/wp-json\/wp\/v2\/types\/page"}],"author":[{"embeddable":true,"href":"https:\/\/www.hvlrijbodems.nl\/de\/wp-json\/wp\/v2\/users\/6"}],"replies":[{"embeddable":true,"href":"https:\/\/www.hvlrijbodems.nl\/de\/wp-json\/wp\/v2\/comments?post=2662"}],"version-history":[{"count":3,"href":"https:\/\/www.hvlrijbodems.nl\/de\/wp-json\/wp\/v2\/pages\/2662\/revisions"}],"predecessor-version":[{"id":2845,"href":"https:\/\/www.hvlrijbodems.nl\/de\/wp-json\/wp\/v2\/pages\/2662\/revisions\/2845"}],"wp:attachment":[{"href":"https:\/\/www.hvlrijbodems.nl\/de\/wp-json\/wp\/v2\/media?parent=2662"}],"curies":[{"name":"wp","href":"https:\/\/api.w.org\/{rel}","templated":true}]}}